{"id":8,"date":"2020-03-05T13:32:56","date_gmt":"2020-03-05T12:32:56","guid":{"rendered":"http:\/\/daddy-production.fr\/?page_id=8"},"modified":"2020-03-05T18:38:45","modified_gmt":"2020-03-05T17:38:45","slug":"accueil","status":"publish","type":"page","link":"https:\/\/daddy-production.fr\/","title":{"rendered":"Accueil"},"content":{"rendered":"<p>Bienvenue sur notre site&nbsp;! Ce site est en cours de construction,<\/p>\n<p>\u00e0 tr\u00e8s bient\u00f4t<\/p>\n","protected":false},"excerpt":{"rendered":"<p>Bienvenue sur notre site&nbsp;! Ce site est en cours de construction, \u00e0 tr\u00e8s bient\u00f4t<\/p>\n","protected":false},"author":1,"featured_media":41,"parent":0,"menu_order":0,"comment_status":"closed","ping_status":"closed","template":"","meta":{"footnotes":""},"class_list":["post-8","page","type-page","status-publish","has-post-thumbnail","hentry"],"_links":{"self":[{"href":"https:\/\/daddy-production.fr\/index.php\/wp-json\/wp\/v2\/pages\/8","targetHints":{"allow":["GET"]}}],"collection":[{"href":"https:\/\/daddy-production.fr\/index.php\/wp-json\/wp\/v2\/pages"}],"about":[{"href":"https:\/\/daddy-production.fr\/index.php\/wp-json\/wp\/v2\/types\/page"}],"author":[{"embeddable":true,"href":"https:\/\/daddy-production.fr\/index.php\/wp-json\/wp\/v2\/users\/1"}],"replies":[{"embeddable":true,"href":"https:\/\/daddy-production.fr\/index.php\/wp-json\/wp\/v2\/comments?post=8"}],"version-history":[{"count":5,"href":"https:\/\/daddy-production.fr\/index.php\/wp-json\/wp\/v2\/pages\/8\/revisions"}],"predecessor-version":[{"id":99,"href":"https:\/\/daddy-production.fr\/index.php\/wp-json\/wp\/v2\/pages\/8\/revisions\/99"}],"wp:featuredmedia":[{"embeddable":true,"href":"https:\/\/daddy-production.fr\/index.php\/wp-json\/wp\/v2\/media\/41"}],"wp:attachment":[{"href":"https:\/\/daddy-production.fr\/index.php\/wp-json\/wp\/v2\/media?parent=8"}],"curies":[{"name":"wp","href":"https:\/\/api.w.org\/{rel}","templated":true}]}}